{"id":3433,"date":"2022-05-18T09:23:44","date_gmt":"2022-05-18T07:23:44","guid":{"rendered":"https:\/\/new-stage.soltechenergy.com\/investerare\/"},"modified":"2026-02-03T09:26:37","modified_gmt":"2026-02-03T08:26:37","slug":"investors","status":"publish","type":"page","link":"https:\/\/soltechenergy.com\/en\/investors\/","title":{"rendered":"Investors"},"content":{"rendered":"<h3>Certified Advisor<\/h3>\n<p>Bolagets Certified Adviser \u00e4r Erik Penser Bank AB. Uppgiften f\u00f6r Certifeid Adviser \u00e4r att utg\u00f6ra r\u00e5dgivare till f\u00f6retaget g\u00e4llande fr\u00e5gor som r\u00f6r noterings- och informationsfr\u00e5gor.<\/p>\n<p><strong>ERIK PENSER BANK AB<\/strong><\/p>\n<p><strong>Bes\u00f6ksadress:<\/strong>\u00a0Apelbergsgatan 27, Stockholm<br \/>\n<strong>Postadress:<\/strong>\u00a0Box 7405, 103 91 Stockholm<br \/>\n<strong>Telefon:<\/strong>\u00a008-463 80 00<br \/>\n<strong>Webbplats:<\/strong>\u00a0www.penser.se<\/p>\n<p><strong>Revisor<\/strong><\/p>\n<p>Claes Sj\u00f6din , PWC AB<br \/>\nKista Science Tower<br \/>\n164 51 Kista<br \/>\nwww.pwc.se<\/p>\n","protected":false},"excerpt":{"rendered":"<p>Certified Advisor Bolagets Certified Adviser \u00e4r Erik Penser Bank AB. Uppgiften f\u00f6r Certifeid Adviser \u00e4r att utg\u00f6ra r\u00e5dgivare till f\u00f6retaget g\u00e4llande fr\u00e5gor som r\u00f6r noterings- och informationsfr\u00e5gor. ERIK PENSER BANK AB Bes\u00f6ksadress:\u00a0Apelbergsgatan 27, Stockholm Postadress:\u00a0Box 7405, 103 91 Stockholm Telefon:\u00a008-463 80 00 Webbplats:\u00a0www.penser.se Revisor Claes Sj\u00f6din , PWC AB Kista Science Tower 164 51 Kista&#8230;<\/p>\n","protected":false},"author":1,"featured_media":0,"parent":0,"menu_order":0,"comment_status":"closed","ping_status":"closed","template":"","meta":{"_acf_changed":false,"footnotes":""},"class_list":["post-3433","page","type-page","status-publish","hentry"],"acf":[],"_links":{"self":[{"href":"https:\/\/soltechenergy.com\/en\/wp-json\/wp\/v2\/pages\/3433","targetHints":{"allow":["GET"]}}],"collection":[{"href":"https:\/\/soltechenergy.com\/en\/wp-json\/wp\/v2\/pages"}],"about":[{"href":"https:\/\/soltechenergy.com\/en\/wp-json\/wp\/v2\/types\/page"}],"author":[{"embeddable":true,"href":"https:\/\/soltechenergy.com\/en\/wp-json\/wp\/v2\/users\/1"}],"replies":[{"embeddable":true,"href":"https:\/\/soltechenergy.com\/en\/wp-json\/wp\/v2\/comments?post=3433"}],"version-history":[{"count":18,"href":"https:\/\/soltechenergy.com\/en\/wp-json\/wp\/v2\/pages\/3433\/revisions"}],"predecessor-version":[{"id":14303,"href":"https:\/\/soltechenergy.com\/en\/wp-json\/wp\/v2\/pages\/3433\/revisions\/14303"}],"wp:attachment":[{"href":"https:\/\/soltechenergy.com\/en\/wp-json\/wp\/v2\/media?parent=3433"}],"curies":[{"name":"wp","href":"https:\/\/api.w.org\/{rel}","templated":true}]}}